{"id":259,"date":"2025-02-17T14:10:12","date_gmt":"2025-02-17T14:10:12","guid":{"rendered":"https:\/\/equipbureau.com\/dev\/index.php\/histoire-2\/"},"modified":"2025-02-19T19:29:07","modified_gmt":"2025-02-19T19:29:07","slug":"histoire-2","status":"publish","type":"page","link":"https:\/\/equipbureau.com\/fr\/histoire-2\/","title":{"rendered":"Historique"},"content":{"rendered":"\n<div class=\"wp-block-group alignwide is-nowrap is-layout-flex wp-container-core-group-is-layout-6c531013 wp-block-group-is-layout-flex\">\n<div class=\"wp-block-group is-vertical is-content-justification-center is-layout-flex wp-container-core-group-is-layout-ce155fab wp-block-group-is-layout-flex\">\n<h2 class=\"wp-block-heading has-text-align-center\">Historique<\/h2>\n\n\n\n<figure class=\"wp-block-gallery has-nested-images columns-default is-cropped wp-block-gallery-1 is-layout-flex wp-block-gallery-is-layout-flex\">\n<figure class=\"wp-block-image size-large is-style-default\"><img loading=\"lazy\" decoding=\"async\" width=\"1024\" height=\"708\" data-id=\"301\" src=\"https:\/\/equipbureau.com\/dev\/wp-content\/uploads\/2025\/02\/Very-old-logo-square-1024x708.jpg\" alt=\"\" class=\"wp-image-301\" srcset=\"https:\/\/equipbureau.com\/wp-content\/uploads\/2025\/02\/Very-old-logo-square-1024x708.jpg 1024w, https:\/\/equipbureau.com\/wp-content\/uploads\/2025\/02\/Very-old-logo-square-300x207.jpg 300w, https:\/\/equipbureau.com\/wp-content\/uploads\/2025\/02\/Very-old-logo-square-768x531.jpg 768w, https:\/\/equipbureau.com\/wp-content\/uploads\/2025\/02\/Very-old-logo-square-1536x1062.jpg 1536w, https:\/\/equipbureau.com\/wp-content\/uploads\/2025\/02\/Very-old-logo-square.jpg 1905w\" sizes=\"auto, (max-width: 1024px) 100vw, 1024px\" \/><figcaption class=\"wp-element-caption\"><mark style=\"background-color:rgba(0, 0, 0, 0);color:#000\" class=\"has-inline-color\">1988-2000<\/mark><\/figcaption><\/figure>\n\n\n\n<figure class=\"wp-block-image size-large\"><img loading=\"lazy\" decoding=\"async\" width=\"358\" height=\"267\" data-id=\"307\" src=\"https:\/\/equipbureau.com\/dev\/wp-content\/uploads\/2025\/02\/Old-logo-square-edited.jpg\" alt=\"\" class=\"wp-image-307\" srcset=\"https:\/\/equipbureau.com\/wp-content\/uploads\/2025\/02\/Old-logo-square-edited.jpg 358w, https:\/\/equipbureau.com\/wp-content\/uploads\/2025\/02\/Old-logo-square-edited-300x224.jpg 300w\" sizes=\"auto, (max-width: 358px) 100vw, 358px\" \/><figcaption class=\"wp-element-caption\"><mark style=\"background-color:rgba(0, 0, 0, 0);color:#000\" class=\"has-inline-color\">2000-2017<\/mark><\/figcaption><\/figure>\n\n\n\n<figure class=\"wp-block-image size-large\"><img loading=\"lazy\" decoding=\"async\" width=\"1024\" height=\"1024\" data-id=\"299\" src=\"https:\/\/equipbureau.com\/dev\/wp-content\/uploads\/2025\/02\/EB-Low-Voltage-Solutions_Page_1-1-edited-1024x1024.jpg\" alt=\"\" class=\"wp-image-299\" srcset=\"https:\/\/equipbureau.com\/wp-content\/uploads\/2025\/02\/EB-Low-Voltage-Solutions_Page_1-1-edited-1024x1024.jpg 1024w, https:\/\/equipbureau.com\/wp-content\/uploads\/2025\/02\/EB-Low-Voltage-Solutions_Page_1-1-edited-300x300.jpg 300w, https:\/\/equipbureau.com\/wp-content\/uploads\/2025\/02\/EB-Low-Voltage-Solutions_Page_1-1-edited-150x150.jpg 150w, https:\/\/equipbureau.com\/wp-content\/uploads\/2025\/02\/EB-Low-Voltage-Solutions_Page_1-1-edited-768x768.jpg 768w, https:\/\/equipbureau.com\/wp-content\/uploads\/2025\/02\/EB-Low-Voltage-Solutions_Page_1-1-edited.jpg 1105w\" sizes=\"auto, (max-width: 1024px) 100vw, 1024px\" \/><figcaption class=\"wp-element-caption\"><mark style=\"background-color:rgba(0, 0, 0, 0);color:#000\" class=\"has-inline-color\">2017-2025<\/mark><\/figcaption><\/figure>\n<\/figure>\n\n\n\n<div class=\"wp-block-group is-vertical is-layout-flex wp-container-core-group-is-layout-fe9cc265 wp-block-group-is-layout-flex\">\n<div class=\"wp-block-group is-vertical is-layout-flex wp-container-core-group-is-layout-fe9cc265 wp-block-group-is-layout-flex\">\n<div class=\"wp-block-group is-nowrap is-layout-flex wp-container-core-group-is-layout-6c531013 wp-block-group-is-layout-flex\">\n<div style=\"height:100px;width:46px\" aria-hidden=\"true\" class=\"wp-block-spacer wp-container-content-b5f14f7b\"><\/div>\n\n\n\n<p class=\"has-text-align-justify has-text-align-justify\">Fond\u00e9e en 1988 par Stepan, notre entreprise a commenc\u00e9 avec une mission simple : fournir des services de vente et de r\u00e9paration fiables pour les dactylos. Ce qui n&rsquo;\u00e9tait au d\u00e9part qu&rsquo;une petite op\u00e9ration sp\u00e9cialis\u00e9e a rapidement attir\u00e9 l&rsquo;attention des clients attach\u00e9s \u00e0 la qualit\u00e9 et \u00e0 la fiabilit\u00e9 de leur \u00e9quipement de bureau.<\/p>\n\n\n\n<div style=\"height:100px;width:118px\" aria-hidden=\"true\" class=\"wp-block-spacer wp-container-content-7e5578b4\"><\/div>\n<\/div>\n\n\n\n<div class=\"wp-block-group is-nowrap is-layout-flex wp-container-core-group-is-layout-6c531013 wp-block-group-is-layout-flex\">\n<div style=\"height:0px;width:69px\" aria-hidden=\"true\" class=\"wp-block-spacer wp-container-content-b10dd31d\"><\/div>\n\n\n\n<p class=\"has-text-align-justify has-text-align-justify\">Quelques ann\u00e9es plus tard, Harout a rejoint l&rsquo;\u00e9quipe, apportant une vision nouvelle et une compr\u00e9hension a\u00efgue des technologies \u00e9mergentes. Sous la direction de Harout, l&rsquo;entreprise a \u00e9largi son champ d&rsquo;action pour inclure les ordinateurs et les serveurs, puis s&rsquo;est aventur\u00e9e dans le c\u00e2blage structur\u00e9 et les services de basse tension. Ces choix strat\u00e9giques nous ont permis de garder une longueur d\u2019avance et de r\u00e9pondre aux besoins en constante \u00e9volution des entreprises \u00e0 travers le pays.<\/p>\n\n\n\n<div style=\"height:100px;width:170px\" aria-hidden=\"true\" class=\"wp-block-spacer wp-container-content-284c7c87\"><\/div>\n<\/div>\n\n\n\n<div class=\"wp-block-group is-nowrap is-layout-flex wp-container-core-group-is-layout-6c531013 wp-block-group-is-layout-flex\">\n<div style=\"height:100px;width:33px\" aria-hidden=\"true\" class=\"wp-block-spacer wp-container-content-67de619e\"><\/div>\n\n\n\n<p class=\"has-text-align-justify has-text-align-justify\">Aujourd&rsquo;hui, 37 ans plus tard, nous sommes fiers d&rsquo;\u00eatre un leader national dans notre domaine, fournissant des solutions de premier ordre \u00e0 un large \u00e9ventail d&rsquo;industries. Notre engagement en faveur de la qualit\u00e9, de l&rsquo;innovation et de la satisfaction des clients continue d&rsquo;\u00eatre le moteur de notre croissance et de notre succ\u00e8s.<\/p>\n\n\n\n<div style=\"height:100px;width:78px\" aria-hidden=\"true\" class=\"wp-block-spacer wp-container-content-dd35d730\"><\/div>\n<\/div>\n<\/div>\n<\/div>\n<\/div>\n<\/div>\n\n<p><\/p>\n","protected":false},"excerpt":{"rendered":"<p>Historique Fond\u00e9e en 1988 par Stepan, notre entreprise a commenc\u00e9 avec une mission simple : fournir des services de vente et de r\u00e9paration fiables pour les dactylos. Ce qui n&rsquo;\u00e9tait au d\u00e9part qu&rsquo;une petite op\u00e9ration sp\u00e9cialis\u00e9e a rapidement attir\u00e9 l&rsquo;attention des clients attach\u00e9s \u00e0 la qualit\u00e9 et \u00e0 la fiabilit\u00e9 de leur \u00e9quipement de bureau. [&hellip;]<\/p>\n","protected":false},"author":2,"featured_media":0,"parent":0,"menu_order":0,"comment_status":"closed","ping_status":"closed","template":"","meta":{"footnotes":""},"class_list":["post-259","page","type-page","status-publish","hentry"],"_links":{"self":[{"href":"https:\/\/equipbureau.com\/fr\/wp-json\/wp\/v2\/pages\/259","targetHints":{"allow":["GET"]}}],"collection":[{"href":"https:\/\/equipbureau.com\/fr\/wp-json\/wp\/v2\/pages"}],"about":[{"href":"https:\/\/equipbureau.com\/fr\/wp-json\/wp\/v2\/types\/page"}],"author":[{"embeddable":true,"href":"https:\/\/equipbureau.com\/fr\/wp-json\/wp\/v2\/users\/2"}],"replies":[{"embeddable":true,"href":"https:\/\/equipbureau.com\/fr\/wp-json\/wp\/v2\/comments?post=259"}],"version-history":[{"count":6,"href":"https:\/\/equipbureau.com\/fr\/wp-json\/wp\/v2\/pages\/259\/revisions"}],"predecessor-version":[{"id":409,"href":"https:\/\/equipbureau.com\/fr\/wp-json\/wp\/v2\/pages\/259\/revisions\/409"}],"wp:attachment":[{"href":"https:\/\/equipbureau.com\/fr\/wp-json\/wp\/v2\/media?parent=259"}],"curies":[{"name":"wp","href":"https:\/\/api.w.org\/{rel}","templated":true}]}}